{"id":2005,"date":"2020-09-18T11:39:23","date_gmt":"2020-09-18T10:39:23","guid":{"rendered":"https:\/\/figbcn.com\/?page_id=2005"},"modified":"2020-10-21T14:46:55","modified_gmt":"2020-10-21T13:46:55","slug":"politica-de-cookies","status":"publish","type":"page","link":"https:\/\/figbcn.com\/es\/politica-de-cookies\/","title":{"rendered":"Pol\u00edtica de  Cookies"},"content":{"rendered":"<div class=\"wpb-content-wrapper\"><p>[vc_row row_type=\u00bbrow\u00bb use_row_as_full_screen_section=\u00bbno\u00bb type=\u00bbfull_width\u00bb text_align=\u00bbleft\u00bb background_animation=\u00bbnone\u00bb css_animation=\u00bb\u00bb][vc_column][vc_separator type=\u00bbtransparent\u00bb border_style=\u00bb\u00bb up=\u00bb20&#8243; down=\u00bb20&#8243;][vc_column_text]<\/p>\n<h2>POL\u00cdTICA DE COOKIES<\/h2>\n<p>&nbsp;<\/p>\n<p>En cumplimiento de la Ley 34\/2002, de 11 de julio, de Servicios de la Sociedad de la Informaci\u00f3n y Comercio Electr\u00f3nico le informamos de que este sitio web, al igual que la mayor\u00eda de los sitios en Internet, usa Cookies para mejorar y optimizar la experiencia del usuario. A continuaci\u00f3n encontrar\u00e1 informaci\u00f3n detallada sobre qu\u00e9 son las \u201cCookies\u201d, qu\u00e9 tipolog\u00eda utiliza este sitio web, c\u00f3mo cambiar la configuraci\u00f3n de sus cookies, y qu\u00e9\u00a0 ocurre si deshabilita las Cookies.<\/p>\n<p>&nbsp;<\/p>\n<h3>\u00bfQu\u00e9 son las Cookies?<\/h3>\n<p>&nbsp;<\/p>\n<p>Una cookie es un peque\u00f1o archivo que se descarga en el equipo del usuario con la finalidad de almacenar datos, los cuales podr\u00e1n ser actualizados y recuperados por la entidad responsable de su instalaci\u00f3n.<\/p>\n<p>&nbsp;<\/p>\n<h3>\u00bfQu\u00e9 tipo de Cookies utiliza esta p\u00e1gina web?<\/h3>\n<p>&nbsp;<\/p>\n<p>A continuaci\u00f3n se muestra una tabla con las\u00a0Cookies\u00a0utilizadas en este sitio web:<\/p>\n<p>Dominio:\u00a0www.figbcn.com<\/p>\n<p>Nombre de las Cookies: _utma \/ _utmb \/ _utmb \/ _utmz<\/p>\n<p>Descripci\u00f3n \/ Finalidad: Marketing<\/p>\n<p>Proveedor: Propio<\/p>\n<p>Caducidad: 2 a\u00f1os desde que se cre\u00f3 inicialmente o se restableci\u00f3<\/p>\n<p>&nbsp;<\/p>\n<h3>\u00bfC\u00f3mo puede configurar sus Cookies?<\/h3>\n<p>&nbsp;<\/p>\n<p>Al navegar y continuar en nuestro sitio web estar\u00e1 consintiendo el uso de las Cookies en las condiciones contenidas en la presente Pol\u00edtica de Cookies. Usted como usuario tiene la posibilidad de ejercer su derecho a bloquear, eliminar y rechazar el uso de Cookies, en todo momento, modificando las opciones de su navegador<\/p>\n<p>&nbsp;<\/p>\n<p>Por ejemplo:<\/p>\n<p>&nbsp;<\/p>\n<p>Internet Explorer: Herramientas &gt; Opciones de Internet &gt; Privacidad &gt; Configuraci\u00f3n.<\/p>\n<p>Para m\u00e1s informaci\u00f3n, puede consultar el soporte de Microsoft o la Ayuda del navegador.<\/p>\n<p>&nbsp;<\/p>\n<p>Mozilla Firefox: Herramientas &gt; Opciones &gt; Privacidad &gt; Historial &gt; Configuraci\u00f3n Personalizada.<\/p>\n<p>Para m\u00e1s informaci\u00f3n, puede consultar el soporte de Mozilla o la Ayuda del navegador.<\/p>\n<p>&nbsp;<\/p>\n<p>Google Chrome: Configuraci\u00f3n &gt; Mostrar opciones avanzadas &gt; Privacidad -&gt; Configuraci\u00f3n de contenido.<\/p>\n<p>Para m\u00e1s informaci\u00f3n, puede consultar el soporte de Google o la Ayuda del navegador.<\/p>\n<p>&nbsp;<\/p>\n<p>Safari: Preferencias &gt; Seguridad.<\/p>\n<p>Para m\u00e1s informaci\u00f3n, puede consultar el soporte de Safari o la Ayuda del navegador.<\/p>\n<p>&nbsp;<\/p>\n<p>Opera: Configuraci\u00f3n &gt; Opciones &gt; Avanzado &gt; Cookies<\/p>\n<p>Para m\u00e1s informaci\u00f3n, puede consultar el soporte de Opera o la Ayuda del navegador.<\/p>\n<p>&nbsp;<\/p>\n<p>Si usa otro navegador distinto a los anteriores, consulte su pol\u00edtica de instalaci\u00f3n, uso y bloqueo de cookies.<\/p>\n<p>&nbsp;<\/p>\n<h3>\u00bfQu\u00e9 ocurre si se deshabilitan las Cookies?<\/h3>\n<p>&nbsp;<\/p>\n<p>Algunas funcionalidades de los Servicios o \u00e1reas de este sitio web podr\u00edan no funcionar correctamente.<\/p>\n<p>&nbsp;<\/p>\n<h3>\u00bfActualizamos nuestra pol\u00edtica de Cookies?<\/h3>\n<p>&nbsp;<\/p>\n<p>Es posible que actualicemos la pol\u00edtica de Cookies de nuestra p\u00e1gina web, por ello, le recomendamos revisar esta pol\u00edtica cada vez que acceda a nuestro sitio web con el objetivo de estar adecuadamente informado sobre c\u00f3mo y para qu\u00e9 usamos las Cookies.[\/vc_column_text][vc_separator type=\u00bbtransparent\u00bb border_style=\u00bb\u00bb][\/vc_column][\/vc_row]<\/p>\n<\/div>","protected":false},"excerpt":{"rendered":"<p>[vc_row row_type=\u00bbrow\u00bb use_row_as_full_screen_section=\u00bbno\u00bb type=\u00bbfull_width\u00bb text_align=\u00bbleft\u00bb background_animation=\u00bbnone\u00bb css_animation=\u00bb\u00bb][vc_column][vc_separator type=\u00bbtransparent\u00bb border_style=\u00bb\u00bb up=\u00bb20&#8243; down=\u00bb20&#8243;][vc_column_text] POL\u00cdTICA DE COOKIES &nbsp; En cumplimiento de la Ley 34\/2002, de 11 de julio, de Servicios de la Sociedad de la Informaci\u00f3n y Comercio Electr\u00f3nico le informamos de que este sitio web, al igual&#8230;<\/p>\n","protected":false},"author":1,"featured_media":0,"parent":0,"menu_order":0,"comment_status":"closed","ping_status":"closed","template":"","meta":{"footnotes":""},"class_list":["post-2005","page","type-page","status-publish","hentry"],"yoast_head":"<!-- This site is optimized with the Yoast SEO plugin v27.3 - https:\/\/yoast.com\/product\/yoast-seo-wordpress\/ -->\n<title>Pol\u00edtica de Cookies - FiG<\/title>\n<meta name=\"robots\" content=\"index, follow, max-snippet:-1, max-image-preview:large, max-video-preview:-1\" \/>\n<link rel=\"canonical\" href=\"https:\/\/figbcn.com\/es\/politica-de-cookies\/\" \/>\n<meta property=\"og:locale\" content=\"es_ES\" \/>\n<meta property=\"og:type\" content=\"article\" \/>\n<meta property=\"og:title\" content=\"Pol\u00edtica de Cookies - FiG\" \/>\n<meta property=\"og:description\" content=\"[vc_row row_type=\u00bbrow\u00bb use_row_as_full_screen_section=\u00bbno\u00bb type=\u00bbfull_width\u00bb text_align=\u00bbleft\u00bb background_animation=\u00bbnone\u00bb css_animation=\u00bb\u00bb][vc_column][vc_separator type=\u00bbtransparent\u00bb border_style=\u00bb\u00bb up=\u00bb20&#8243; down=\u00bb20&#8243;][vc_column_text] POL\u00cdTICA DE COOKIES &nbsp; En cumplimiento de la Ley 34\/2002, de 11 de julio, de Servicios de la Sociedad de la Informaci\u00f3n y Comercio Electr\u00f3nico le informamos de que este sitio web, al igual...\" \/>\n<meta property=\"og:url\" content=\"https:\/\/figbcn.com\/es\/politica-de-cookies\/\" \/>\n<meta property=\"og:site_name\" content=\"FiG\" \/>\n<meta property=\"article:modified_time\" content=\"2020-10-21T13:46:55+00:00\" \/>\n<meta name=\"twitter:card\" content=\"summary_large_image\" \/>\n<meta name=\"twitter:label1\" content=\"Tiempo de lectura\" \/>\n\t<meta name=\"twitter:data1\" content=\"3 minutos\" \/>\n<script type=\"application\/ld+json\" class=\"yoast-schema-graph\">{\"@context\":\"https:\\\/\\\/schema.org\",\"@graph\":[{\"@type\":\"WebPage\",\"@id\":\"https:\\\/\\\/figbcn.com\\\/es\\\/politica-de-cookies\\\/\",\"url\":\"https:\\\/\\\/figbcn.com\\\/es\\\/politica-de-cookies\\\/\",\"name\":\"Pol\u00edtica de Cookies - FiG\",\"isPartOf\":{\"@id\":\"https:\\\/\\\/figbcn.com\\\/#website\"},\"datePublished\":\"2020-09-18T10:39:23+00:00\",\"dateModified\":\"2020-10-21T13:46:55+00:00\",\"breadcrumb\":{\"@id\":\"https:\\\/\\\/figbcn.com\\\/es\\\/politica-de-cookies\\\/#breadcrumb\"},\"inLanguage\":\"es\",\"potentialAction\":[{\"@type\":\"ReadAction\",\"target\":[\"https:\\\/\\\/figbcn.com\\\/es\\\/politica-de-cookies\\\/\"]}]},{\"@type\":\"BreadcrumbList\",\"@id\":\"https:\\\/\\\/figbcn.com\\\/es\\\/politica-de-cookies\\\/#breadcrumb\",\"itemListElement\":[{\"@type\":\"ListItem\",\"position\":1,\"name\":\"Home\",\"item\":\"https:\\\/\\\/figbcn.com\\\/es\\\/\"},{\"@type\":\"ListItem\",\"position\":2,\"name\":\"Pol\u00edtica de Cookies\"}]},{\"@type\":\"WebSite\",\"@id\":\"https:\\\/\\\/figbcn.com\\\/#website\",\"url\":\"https:\\\/\\\/figbcn.com\\\/\",\"name\":\"FiG\",\"description\":\"Creative Communication\",\"potentialAction\":[{\"@type\":\"SearchAction\",\"target\":{\"@type\":\"EntryPoint\",\"urlTemplate\":\"https:\\\/\\\/figbcn.com\\\/?s={search_term_string}\"},\"query-input\":{\"@type\":\"PropertyValueSpecification\",\"valueRequired\":true,\"valueName\":\"search_term_string\"}}],\"inLanguage\":\"es\"}]}<\/script>\n<!-- \/ Yoast SEO plugin. -->","yoast_head_json":{"title":"Pol\u00edtica de Cookies - FiG","robots":{"index":"index","follow":"follow","max-snippet":"max-snippet:-1","max-image-preview":"max-image-preview:large","max-video-preview":"max-video-preview:-1"},"canonical":"https:\/\/figbcn.com\/es\/politica-de-cookies\/","og_locale":"es_ES","og_type":"article","og_title":"Pol\u00edtica de Cookies - FiG","og_description":"[vc_row row_type=\u00bbrow\u00bb use_row_as_full_screen_section=\u00bbno\u00bb type=\u00bbfull_width\u00bb text_align=\u00bbleft\u00bb background_animation=\u00bbnone\u00bb css_animation=\u00bb\u00bb][vc_column][vc_separator type=\u00bbtransparent\u00bb border_style=\u00bb\u00bb up=\u00bb20&#8243; down=\u00bb20&#8243;][vc_column_text] POL\u00cdTICA DE COOKIES &nbsp; En cumplimiento de la Ley 34\/2002, de 11 de julio, de Servicios de la Sociedad de la Informaci\u00f3n y Comercio Electr\u00f3nico le informamos de que este sitio web, al igual...","og_url":"https:\/\/figbcn.com\/es\/politica-de-cookies\/","og_site_name":"FiG","article_modified_time":"2020-10-21T13:46:55+00:00","twitter_card":"summary_large_image","twitter_misc":{"Tiempo de lectura":"3 minutos"},"schema":{"@context":"https:\/\/schema.org","@graph":[{"@type":"WebPage","@id":"https:\/\/figbcn.com\/es\/politica-de-cookies\/","url":"https:\/\/figbcn.com\/es\/politica-de-cookies\/","name":"Pol\u00edtica de Cookies - FiG","isPartOf":{"@id":"https:\/\/figbcn.com\/#website"},"datePublished":"2020-09-18T10:39:23+00:00","dateModified":"2020-10-21T13:46:55+00:00","breadcrumb":{"@id":"https:\/\/figbcn.com\/es\/politica-de-cookies\/#breadcrumb"},"inLanguage":"es","potentialAction":[{"@type":"ReadAction","target":["https:\/\/figbcn.com\/es\/politica-de-cookies\/"]}]},{"@type":"BreadcrumbList","@id":"https:\/\/figbcn.com\/es\/politica-de-cookies\/#breadcrumb","itemListElement":[{"@type":"ListItem","position":1,"name":"Home","item":"https:\/\/figbcn.com\/es\/"},{"@type":"ListItem","position":2,"name":"Pol\u00edtica de Cookies"}]},{"@type":"WebSite","@id":"https:\/\/figbcn.com\/#website","url":"https:\/\/figbcn.com\/","name":"FiG","description":"Creative Communication","potentialAction":[{"@type":"SearchAction","target":{"@type":"EntryPoint","urlTemplate":"https:\/\/figbcn.com\/?s={search_term_string}"},"query-input":{"@type":"PropertyValueSpecification","valueRequired":true,"valueName":"search_term_string"}}],"inLanguage":"es"}]}},"_links":{"self":[{"href":"https:\/\/figbcn.com\/es\/wp-json\/wp\/v2\/pages\/2005","targetHints":{"allow":["GET"]}}],"collection":[{"href":"https:\/\/figbcn.com\/es\/wp-json\/wp\/v2\/pages"}],"about":[{"href":"https:\/\/figbcn.com\/es\/wp-json\/wp\/v2\/types\/page"}],"author":[{"embeddable":true,"href":"https:\/\/figbcn.com\/es\/wp-json\/wp\/v2\/users\/1"}],"replies":[{"embeddable":true,"href":"https:\/\/figbcn.com\/es\/wp-json\/wp\/v2\/comments?post=2005"}],"version-history":[{"count":11,"href":"https:\/\/figbcn.com\/es\/wp-json\/wp\/v2\/pages\/2005\/revisions"}],"predecessor-version":[{"id":2309,"href":"https:\/\/figbcn.com\/es\/wp-json\/wp\/v2\/pages\/2005\/revisions\/2309"}],"wp:attachment":[{"href":"https:\/\/figbcn.com\/es\/wp-json\/wp\/v2\/media?parent=2005"}],"curies":[{"name":"wp","href":"https:\/\/api.w.org\/{rel}","templated":true}]}}